{"id":167,"date":"2024-08-08T06:01:14","date_gmt":"2024-08-08T06:01:14","guid":{"rendered":"https:\/\/artemisaloba.com\/?page_id=167"},"modified":"2024-08-22T04:15:36","modified_gmt":"2024-08-22T04:15:36","slug":"sobre-mi","status":"publish","type":"page","link":"https:\/\/artemisaloba.com\/index.php\/sobre-mi\/","title":{"rendered":"Sobre mi"},"content":{"rendered":"\t\t<div data-elementor-type=\"wp-page\" data-elementor-id=\"167\" class=\"elementor elementor-167\" data-elementor-post-type=\"page\">\n\t\t\t\t\t\t<section class=\"elementor-section elementor-top-section elementor-element elementor-element-0e1a33b elementor-section-boxed elementor-section-height-default elementor-section-height-default\" data-id=\"0e1a33b\" data-element_type=\"section\" data-e-type=\"section\" data-settings=\"{&quot;background_background&quot;:&quot;classic&quot;}\">\n\t\t\t\t\t\t<div class=\"elementor-container elementor-column-gap-default\">\n\t\t\t\t\t<div class=\"elementor-column elementor-col-25 elementor-top-column elementor-element elementor-element-beced38\" data-id=\"beced38\" data-element_type=\"column\" data-e-type=\"column\">\n\t\t\t<div class=\"elementor-widget-wrap elementor-element-populated\">\n\t\t\t\t\t\t<div class=\"elementor-element elementor-element-6f840df elementor-widget elementor-widget-global elementor-global-121 elementor-widget-image\" data-id=\"6f840df\" data-element_type=\"widget\" data-e-type=\"widget\" data-widget_type=\"image.default\">\n\t\t\t\t<div class=\"elementor-widget-container\">\n\t\t\t\t\t\t\t\t\t\t\t\t\t\t\t<img decoding=\"async\" src=\"https:\/\/artemisaloba.com\/wp-content\/uploads\/elementor\/thumbs\/loba-qsak6nguszbrlr9hrzy2eken8a0wr3j64z03hx8w5u.png\" title=\"loba\" alt=\"loba\" loading=\"lazy\" \/>\t\t\t\t\t\t\t\t\t\t\t\t\t\t\t<\/div>\n\t\t\t\t<\/div>\n\t\t\t\t\t<\/div>\n\t\t<\/div>\n\t\t\t\t<div class=\"elementor-column elementor-col-25 elementor-top-column elementor-element elementor-element-d599434\" data-id=\"d599434\" data-element_type=\"column\" data-e-type=\"column\">\n\t\t\t<div class=\"elementor-widget-wrap elementor-element-populated\">\n\t\t\t\t\t\t<div class=\"elementor-element elementor-element-b75d947 elementor-widget__width-initial elementor-widget elementor-widget-global elementor-global-124 elementor-widget-image\" data-id=\"b75d947\" data-element_type=\"widget\" data-e-type=\"widget\" data-widget_type=\"image.default\">\n\t\t\t\t<div class=\"elementor-widget-container\">\n\t\t\t\t\t\t\t\t\t\t\t\t\t\t\t<img decoding=\"async\" width=\"300\" height=\"90\" src=\"https:\/\/artemisaloba.com\/wp-content\/uploads\/2024\/08\/Diseno-sin-titulo-28-300x90.png\" class=\"attachment-medium size-medium wp-image-81\" alt=\"\" srcset=\"https:\/\/artemisaloba.com\/wp-content\/uploads\/2024\/08\/Diseno-sin-titulo-28-300x90.png 300w, https:\/\/artemisaloba.com\/wp-content\/uploads\/2024\/08\/Diseno-sin-titulo-28.png 500w\" sizes=\"100vw\" \/>\t\t\t\t\t\t\t\t\t\t\t\t\t\t\t<\/div>\n\t\t\t\t<\/div>\n\t\t\t\t\t<\/div>\n\t\t<\/div>\n\t\t\t\t<div class=\"elementor-column elementor-col-25 elementor-top-column elementor-element elementor-element-36e7fc7\" data-id=\"36e7fc7\" data-element_type=\"column\" data-e-type=\"column\">\n\t\t\t<div class=\"elementor-widget-wrap elementor-element-populated\">\n\t\t\t\t\t\t<div class=\"elementor-element elementor-element-8606286 elementor-nav-menu__align-center elementor-nav-menu--dropdown-tablet elementor-nav-menu__text-align-aside elementor-nav-menu--toggle elementor-nav-menu--burger elementor-widget elementor-widget-global elementor-global-127 elementor-widget-nav-menu\" data-id=\"8606286\" data-element_type=\"widget\" data-e-type=\"widget\" data-settings=\"{&quot;layout&quot;:&quot;horizontal&quot;,&quot;submenu_icon&quot;:{&quot;value&quot;:&quot;fas fa-caret-down&quot;,&quot;library&quot;:&quot;fa-solid&quot;},&quot;toggle&quot;:&quot;burger&quot;}\" data-widget_type=\"nav-menu.default\">\n\t\t\t\t<div class=\"elementor-widget-container\">\n\t\t\t\t\t\t\t\t<nav aria-label=\"Men\u00fa\" class=\"elementor-nav-menu--main elementor-nav-menu__container elementor-nav-menu--layout-horizontal e--pointer-none\">\n\t\t\t\t<ul id=\"menu-1-8606286\" class=\"elementor-nav-menu\"><li class=\"menu-item menu-item-type-post_type menu-item-object-page menu-item-home menu-item-216\"><a href=\"https:\/\/artemisaloba.com\/\" class=\"elementor-item\">Inicio<\/a><\/li>\n<li class=\"menu-item menu-item-type-post_type menu-item-object-page menu-item-215\"><a href=\"https:\/\/artemisaloba.com\/index.php\/sobre-mi\/\" class=\"elementor-item\">Sobre mi<\/a><\/li>\n<li class=\"menu-item menu-item-type-post_type menu-item-object-page menu-item-has-children menu-item-213\"><a href=\"https:\/\/artemisaloba.com\/index.php\/programas-de-fotografia\/\" class=\"elementor-item\">Programas<\/a>\n<ul class=\"sub-menu elementor-nav-menu--dropdown\">\n\t<li class=\"menu-item menu-item-type-custom menu-item-object-custom menu-item-1075\"><a href=\"https:\/\/artemisaloba.com\/index.php\/programas-de-acompanamientos\/\" class=\"elementor-sub-item\">Programas de acompa\u00f1amientos<\/a><\/li>\n\t<li class=\"menu-item menu-item-type-custom menu-item-object-custom menu-item-1076\"><a href=\"https:\/\/artemisaloba.com\/index.php\/programas-de-fotografia\/\" class=\"elementor-sub-item\">Programas de fotograf\u00eda<\/a><\/li>\n<\/ul>\n<\/li>\n<li class=\"menu-item menu-item-type-post_type menu-item-object-page menu-item-526\"><a href=\"https:\/\/artemisaloba.com\/index.php\/sesiones-individuales\/\" class=\"elementor-item\">Sesiones individuales<\/a><\/li>\n<li class=\"menu-item menu-item-type-post_type menu-item-object-page menu-item-214\"><a href=\"https:\/\/artemisaloba.com\/index.php\/contacto\/\" class=\"elementor-item\">Contacto<\/a><\/li>\n<\/ul>\t\t\t<\/nav>\n\t\t\t\t\t<div class=\"elementor-menu-toggle\" role=\"button\" tabindex=\"0\" aria-label=\"Alternar men\u00fa\" aria-expanded=\"false\">\n\t\t\t<i aria-hidden=\"true\" role=\"presentation\" class=\"elementor-menu-toggle__icon--open eicon-menu-bar\"><\/i><i aria-hidden=\"true\" role=\"presentation\" class=\"elementor-menu-toggle__icon--close eicon-close\"><\/i>\t\t\t<span class=\"elementor-screen-only\">Men\u00fa<\/span>\n\t\t<\/div>\n\t\t\t\t\t<nav class=\"elementor-nav-menu--dropdown elementor-nav-menu__container\" aria-hidden=\"true\">\n\t\t\t\t<ul id=\"menu-2-8606286\" class=\"elementor-nav-menu\"><li class=\"menu-item menu-item-type-post_type menu-item-object-page menu-item-home menu-item-216\"><a href=\"https:\/\/artemisaloba.com\/\" class=\"elementor-item\" tabindex=\"-1\">Inicio<\/a><\/li>\n<li class=\"menu-item menu-item-type-post_type menu-item-object-page menu-item-215\"><a href=\"https:\/\/artemisaloba.com\/index.php\/sobre-mi\/\" class=\"elementor-item\" tabindex=\"-1\">Sobre mi<\/a><\/li>\n<li class=\"menu-item menu-item-type-post_type menu-item-object-page menu-item-has-children menu-item-213\"><a href=\"https:\/\/artemisaloba.com\/index.php\/programas-de-fotografia\/\" class=\"elementor-item\" tabindex=\"-1\">Programas<\/a>\n<ul class=\"sub-menu elementor-nav-menu--dropdown\">\n\t<li class=\"menu-item menu-item-type-custom menu-item-object-custom menu-item-1075\"><a href=\"https:\/\/artemisaloba.com\/index.php\/programas-de-acompanamientos\/\" class=\"elementor-sub-item\" tabindex=\"-1\">Programas de acompa\u00f1amientos<\/a><\/li>\n\t<li class=\"menu-item menu-item-type-custom menu-item-object-custom menu-item-1076\"><a href=\"https:\/\/artemisaloba.com\/index.php\/programas-de-fotografia\/\" class=\"elementor-sub-item\" tabindex=\"-1\">Programas de fotograf\u00eda<\/a><\/li>\n<\/ul>\n<\/li>\n<li class=\"menu-item menu-item-type-post_type menu-item-object-page menu-item-526\"><a href=\"https:\/\/artemisaloba.com\/index.php\/sesiones-individuales\/\" class=\"elementor-item\" tabindex=\"-1\">Sesiones individuales<\/a><\/li>\n<li class=\"menu-item menu-item-type-post_type menu-item-object-page menu-item-214\"><a href=\"https:\/\/artemisaloba.com\/index.php\/contacto\/\" class=\"elementor-item\" tabindex=\"-1\">Contacto<\/a><\/li>\n<\/ul>\t\t\t<\/nav>\n\t\t\t\t\t\t<\/div>\n\t\t\t\t<\/div>\n\t\t\t\t\t<\/div>\n\t\t<\/div>\n\t\t\t\t<div class=\"elementor-column elementor-col-25 elementor-top-column elementor-element elementor-element-57ad6fd\" data-id=\"57ad6fd\" data-element_type=\"column\" data-e-type=\"column\">\n\t\t\t<div class=\"elementor-widget-wrap elementor-element-populated\">\n\t\t\t\t\t\t<div class=\"elementor-element elementor-element-06a35e2 e-grid-align-mobile-center e-grid-align-right elementor-shape-rounded elementor-grid-0 elementor-widget elementor-widget-global elementor-global-130 elementor-widget-social-icons\" data-id=\"06a35e2\" data-element_type=\"widget\" data-e-type=\"widget\" data-widget_type=\"social-icons.default\">\n\t\t\t\t<div class=\"elementor-widget-container\">\n\t\t\t\t\t\t\t<div class=\"elementor-social-icons-wrapper elementor-grid\">\n\t\t\t\t\t\t\t<span class=\"elementor-grid-item\">\n\t\t\t\t\t<a class=\"elementor-icon elementor-social-icon elementor-social-icon-instagram elementor-animation-float elementor-repeater-item-69d996f\" href=\"https:\/\/www.instagram.com\/artemisaloba\/\" target=\"_blank\">\n\t\t\t\t\t\t<span class=\"elementor-screen-only\">Instagram<\/span>\n\t\t\t\t\t\t<i aria-hidden=\"true\" class=\"fab fa-instagram\"><\/i>\t\t\t\t\t<\/a>\n\t\t\t\t<\/span>\n\t\t\t\t\t<\/div>\n\t\t\t\t\t\t<\/div>\n\t\t\t\t<\/div>\n\t\t\t\t\t<\/div>\n\t\t<\/div>\n\t\t\t\t\t<\/div>\n\t\t<\/section>\n\t\t\t\t<section class=\"elementor-section elementor-top-section elementor-element elementor-element-01cf6ad elementor-section-boxed elementor-section-height-default elementor-section-height-default\" data-id=\"01cf6ad\" data-element_type=\"section\" data-e-type=\"section\" data-settings=\"{&quot;background_background&quot;:&quot;classic&quot;}\">\n\t\t\t\t\t\t<div class=\"elementor-container elementor-column-gap-default\">\n\t\t\t\t\t<div class=\"elementor-column elementor-col-100 elementor-top-column elementor-element elementor-element-7e61c08\" data-id=\"7e61c08\" data-element_type=\"column\" data-e-type=\"column\">\n\t\t\t<div class=\"elementor-widget-wrap elementor-element-populated\">\n\t\t\t\t\t\t<div class=\"elementor-element elementor-element-2284ebf elementor-widget elementor-widget-image\" data-id=\"2284ebf\" data-element_type=\"widget\" data-e-type=\"widget\" data-widget_type=\"image.default\">\n\t\t\t\t<div class=\"elementor-widget-container\">\n\t\t\t\t\t\t\t\t\t\t\t\t\t\t\t<img decoding=\"async\" width=\"150\" height=\"150\" src=\"https:\/\/artemisaloba.com\/wp-content\/uploads\/2024\/08\/lunas-150x150.png\" class=\"attachment-thumbnail size-thumbnail wp-image-88\" alt=\"\" srcset=\"https:\/\/artemisaloba.com\/wp-content\/uploads\/2024\/08\/lunas-150x150.png 150w, https:\/\/artemisaloba.com\/wp-content\/uploads\/2024\/08\/lunas-300x300.png 300w, https:\/\/artemisaloba.com\/wp-content\/uploads\/2024\/08\/lunas-1024x1024.png 1024w, https:\/\/artemisaloba.com\/wp-content\/uploads\/2024\/08\/lunas-768x768.png 768w, https:\/\/artemisaloba.com\/wp-content\/uploads\/2024\/08\/lunas-1536x1536.png 1536w, https:\/\/artemisaloba.com\/wp-content\/uploads\/2024\/08\/lunas-100x100.png 100w, https:\/\/artemisaloba.com\/wp-content\/uploads\/2024\/08\/lunas.png 1855w\" sizes=\"100vw\" \/>\t\t\t\t\t\t\t\t\t\t\t\t\t\t\t<\/div>\n\t\t\t\t<\/div>\n\t\t\t\t\t<\/div>\n\t\t<\/div>\n\t\t\t\t\t<\/div>\n\t\t<\/section>\n\t\t\t\t<section class=\"elementor-section elementor-top-section elementor-element elementor-element-85ba1a3 elementor-section-boxed elementor-section-height-default elementor-section-height-default\" data-id=\"85ba1a3\" data-element_type=\"section\" data-e-type=\"section\" data-settings=\"{&quot;background_background&quot;:&quot;classic&quot;}\">\n\t\t\t\t\t\t<div class=\"elementor-container elementor-column-gap-default\">\n\t\t\t\t\t<div class=\"elementor-column elementor-col-100 elementor-top-column elementor-element elementor-element-4b075fc\" data-id=\"4b075fc\" data-element_type=\"column\" data-e-type=\"column\">\n\t\t\t<div class=\"elementor-widget-wrap elementor-element-populated\">\n\t\t\t\t\t\t<div class=\"elementor-element elementor-element-69776ec elementor-widget elementor-widget-text-editor\" data-id=\"69776ec\" data-element_type=\"widget\" data-e-type=\"widget\" data-widget_type=\"text-editor.default\">\n\t\t\t\t<div class=\"elementor-widget-container\">\n\t\t\t\t\t\t\t\t\t<p>sobre mi&#8230;<\/p>\t\t\t\t\t\t\t\t<\/div>\n\t\t\t\t<\/div>\n\t\t\t\t<div class=\"elementor-element elementor-element-4eb42aa elementor-widget__width-initial elementor-widget elementor-widget-text-editor\" data-id=\"4eb42aa\" data-element_type=\"widget\" data-e-type=\"widget\" data-widget_type=\"text-editor.default\">\n\t\t\t\t<div class=\"elementor-widget-container\">\n\t\t\t\t\t\t\t\t\t<p><span style=\"font-size: 1rem;\"><b>Perm\u00edteme contarte que me ha tra\u00eddo hasta aqu\u00ed.<\/b><\/span><\/p><p><span style=\"font-size: 1rem;\"><b>D<\/b>e diciembre del 2002 a marzo de 2006 estaba estudiando ballet en el instituto del teatro de Barcelona y sufr\u00eda bullying por parte de mis compa\u00f1eras de clase. No me invitaban a las salidas que hac\u00edan por que una de ellas dec\u00eda que era tan fea que asustaba a los chicos, en ese momento tenia entre 13 y 16 a\u00f1os y ese comentario marco gran parte de mi adolescencia y mis primeras relaciones con los hombres.<\/span><\/p><p><span style=\"font-weight: 400;\">Mi grupo de amigas de primaria me invitaron a una fiesta, all\u00ed tuve el placer de conocer una chica, a mi parecer muy fea, pero la vi ligar y seducir como nunca hab\u00eda visto a nadie, muchas actrices sentir\u00edan celos de su sex-appeal si la hubieran visto en acci\u00f3n.\u00a0<\/span><\/p><p><span style=\"font-weight: 400;\">All\u00ed me di cuenta que la belleza es subjetiva y que lo que nos atrae es la actitud y la forma de estar presente en la vida. As\u00ed que decid\u00ed trabajarme y le ped\u00ed a mi madre ir a terapia, tenia 16 a\u00f1os.<\/span><\/p><p><span style=\"font-weight: 400;\">As\u00ed que empec\u00e9 a ir al psic\u00f3logo a los 16 a\u00f1os por que quer\u00eda amarme a mi misma. Me ayud\u00f3, me dio herramientas y recursos para tapar lo mal que me sent\u00eda conmigo misma, pero solo eran parches, por que la herida, la soledad, las creencias limitantes que nunca llegamos a trabajar segu\u00edan ah\u00ed.<\/span><\/p><p><span style=\"font-weight: 400;\">Mi psic\u00f3loga se tomaba muy en serio su trabajo, pero no tenia herramientas suficientes, y si te quedas en la superficie el barro, sigue ah\u00ed. El no soy valida, no me lo merezco, cuida a los dem\u00e1s antes que a ti misma, no hagas da\u00f1o a los dem\u00e1s, segu\u00edan ah\u00ed, y con esta mierda de creencias me era imposible poner limites a los dem\u00e1s.<\/span><\/p><p><span style=\"font-weight: 400;\">Estudi\u00e9 un FP de realizaci\u00f3n y espect\u00e1culos, y en ese momento trabajaba como c\u00e1mara de video en lo que me sal\u00eda y proyectos propios cuando.<\/span><\/p><p><span style=\"font-weight: 400;\">\u00bfTu pelo es tuyo? Me pregunto en octubre del 2011 un fot\u00f3grafo que me vio en un tren Sitges\/barcelona, me ofreci\u00f3 una sesi\u00f3n de fotos gratuita gracias a mi pelazo. Le dije que me daba pavor ponerme delante de la c\u00e1mara, pero que si \u00e9l era capaz de trabajar con eso, que adelante.<\/span><\/p><p><b>Un buen fot\u00f3grafo hace que sus modelos se sientan c\u00f3modas, eso, hace toda la sesi\u00f3n.<\/b><\/p><p><span style=\"font-weight: 400;\">Empece a trabajar como modelo de fotograf\u00eda, publi y hice algo de pasarela, me apunte a varias agencias de las que solo te recomiendo UNA si quieres ser modelo. Mi primer agente me estafo, y se fue con 400 euros que nunca llegu\u00e9 a cobrar.\u00a0\u00a0<\/span><\/p><p><span style=\"font-weight: 400;\">La fotograf\u00eda me ayudo m\u00e1s en mi autoestima que 5 a\u00f1os de psicolog\u00eda.<\/span><\/p><p><span style=\"font-weight: 400;\">Mi autoestima hab\u00eda mejorado gracias a mis trabajos de modelo, tambi\u00e9n aprend\u00ed mucho de mis compa\u00f1eras de trabajo, de lo que quer\u00eda y de lo que no, y por que enga\u00f1arte aprend\u00ed a seducir y me llevaba al hombre que quer\u00eda, pero no sabia mantenerlo. Me convert\u00ed en la chica perfecta para estar entre las sabanas, per\u00f2 no en la que presentas a tus padres. A mi me encantaba, hasta que en marzo del 2014 me rompieron el coraz\u00f3n.<\/span><\/p><p><span style=\"font-weight: 400;\">T\u00edpica historia chica conoce a chico, se conocen, se gustan tontean se casan y en la noche de bodas el se convierte en vampiro y la mata desangr\u00e1ndola. Eso es lo que so\u00f1\u00e9 La noche de mi 25 cumplea\u00f1os. Me despert\u00e9 sabiendo que tenia que cambiar patrones, que creaba relaciones t\u00f3xicas para mi, pero qu\u00e9 podr\u00eda ayudarme?\u00a0<\/span><span style=\"font-size: 1rem;\">Si ya hab\u00eda ido al psic\u00f3logo y segu\u00eda igual de mal?<\/span><\/p><p><span style=\"font-size: 1rem;\">Hay un grupo de terapia que es gratuito y me gustar\u00eda ir, pero no quiero ir sola, vendr\u00edas conmigo Irma? Era mayo del 2014, cuando Aurora me propuso ir a ese grupo de no s\u00e9 que tipo de terapia, Aurora es la prima del chico que me rompi\u00f3 el coraz\u00f3n, visto ahora, a esos primos les debo quien soy ahora.\u00a0<\/span><\/p><p><span style=\"font-size: 1rem;\">Y la terapia en cuesti\u00f3n era la Gestalt.<\/span><\/p><p><span style=\"font-size: 1rem;\">No hab\u00eda sido capaz de sostener nada en el tiempo, ni trabajo ni relaciones y en solo los 6 primeros meses form\u00e1ndome como terapeuta Gestalt, tenia trabajo estable y relaci\u00f3n de pareja. Dej\u00e9 de ser la amante para ser pareja. Decirte que la formaci\u00f3n la empece para mi, no lo hice por ti, no pens\u00e9 en que alg\u00fan d\u00eda acompa\u00f1ar\u00eda a otras, solo quer\u00eda amarme y aceptarme a mi.<\/span><\/p><p><span style=\"font-weight: 400;\">Y UUUUUUUUUAAAAHHHH en la Gestalt no hay parches, la Gestalt es para gente que se compromete con ella misma y su bienestar. Si quieres un parche para continuar con tu mierda de vida este no es tu lugar.<\/span><\/p><p><span style=\"font-weight: 400;\">Necesit\u00e9 la formaci\u00f3n\u00a0 Gestalt, para darme cuenta de todo lo que me hab\u00eda ayudado la fotograf\u00eda en mi proceso de autosanaci\u00f3n, doy gracias a las casualidades de la vida por poner en mi camino al fot\u00f3grafo y a la Gestalt.\u00a0<\/span><\/p><p><span style=\"font-weight: 400;\">Por que con estas dos herramientas y tu trabajo y compromiso puedo cambiar tu vida, te aseguro que, con tus ganas y mi experiencia puedes cambiar por completo tu vida.<\/span><\/p><p><span style=\"font-weight: 400;\">T\u00fa decides \ud83d\ude09<\/span><\/p><p><span style=\"font-weight: 400;\">Irma<\/span><\/p>\t\t\t\t\t\t\t\t<\/div>\n\t\t\t\t<\/div>\n\t\t\t\t<div class=\"elementor-element elementor-element-9d3aa29 elementor-widget elementor-widget-image-carousel\" data-id=\"9d3aa29\" data-element_type=\"widget\" data-e-type=\"widget\" data-settings=\"{&quot;slides_to_show&quot;:&quot;4&quot;,&quot;navigation&quot;:&quot;none&quot;,&quot;image_spacing_custom&quot;:{&quot;unit&quot;:&quot;px&quot;,&quot;size&quot;:6,&quot;sizes&quot;:[]},&quot;autoplay&quot;:&quot;yes&quot;,&quot;pause_on_hover&quot;:&quot;yes&quot;,&quot;pause_on_interaction&quot;:&quot;yes&quot;,&quot;autoplay_speed&quot;:5000,&quot;infinite&quot;:&quot;yes&quot;,&quot;speed&quot;:500,&quot;image_spacing_custom_tablet&quot;:{&quot;unit&quot;:&quot;px&quot;,&quot;size&quot;:&quot;&quot;,&quot;sizes&quot;:[]},&quot;image_spacing_custom_mobile&quot;:{&quot;unit&quot;:&quot;px&quot;,&quot;size&quot;:&quot;&quot;,&quot;sizes&quot;:[]}}\" data-widget_type=\"image-carousel.default\">\n\t\t\t\t<div class=\"elementor-widget-container\">\n\t\t\t\t\t\t\t<div class=\"elementor-image-carousel-wrapper swiper\" role=\"region\" aria-roledescription=\"carousel\" aria-label=\"Carrusel de im\u00e1genes\" dir=\"ltr\">\n\t\t\t<div class=\"elementor-image-carousel swiper-wrapper swiper-image-stretch\" aria-live=\"off\">\n\t\t\t\t\t\t\t\t<div class=\"swiper-slide\" role=\"group\" aria-roledescription=\"slide\" aria-label=\"1 de 4\"><figure class=\"swiper-slide-inner\"><img decoding=\"async\" class=\"swiper-slide-image\" src=\"https:\/\/artemisaloba.com\/wp-content\/uploads\/2024\/08\/int4-225x300.jpg\" alt=\"int4\" \/><\/figure><\/div><div class=\"swiper-slide\" role=\"group\" aria-roledescription=\"slide\" aria-label=\"2 de 4\"><figure class=\"swiper-slide-inner\"><img decoding=\"async\" class=\"swiper-slide-image\" src=\"https:\/\/artemisaloba.com\/wp-content\/uploads\/2024\/08\/int3-225x300.jpg\" alt=\"int3\" \/><\/figure><\/div><div class=\"swiper-slide\" role=\"group\" aria-roledescription=\"slide\" aria-label=\"3 de 4\"><figure class=\"swiper-slide-inner\"><img decoding=\"async\" class=\"swiper-slide-image\" src=\"https:\/\/artemisaloba.com\/wp-content\/uploads\/2024\/08\/int1-225x300.jpg\" alt=\"int1\" \/><\/figure><\/div><div class=\"swiper-slide\" role=\"group\" aria-roledescription=\"slide\" aria-label=\"4 de 4\"><figure class=\"swiper-slide-inner\"><img decoding=\"async\" class=\"swiper-slide-image\" src=\"https:\/\/artemisaloba.com\/wp-content\/uploads\/2024\/08\/int2-225x300.jpg\" alt=\"int2\" \/><\/figure><\/div>\t\t\t<\/div>\n\t\t\t\t\t\t\t\n\t\t\t\t\t\t\t\t\t<\/div>\n\t\t\t\t\t\t<\/div>\n\t\t\t\t<\/div>\n\t\t\t\t\t<\/div>\n\t\t<\/div>\n\t\t\t\t\t<\/div>\n\t\t<\/section>\n\t\t\t\t<footer class=\"elementor-section elementor-top-section elementor-element elementor-element-45a6fd26 elementor-section-full_width elementor-section-height-default elementor-section-height-default\" data-id=\"45a6fd26\" data-element_type=\"section\" data-e-type=\"section\" data-settings=\"{&quot;background_background&quot;:&quot;classic&quot;}\">\n\t\t\t\t\t\t<div class=\"elementor-container elementor-column-gap-no\">\n\t\t\t\t\t<div class=\"elementor-column elementor-col-100 elementor-top-column elementor-element elementor-element-a3a5ffa\" data-id=\"a3a5ffa\" data-element_type=\"column\" data-e-type=\"column\">\n\t\t\t<div class=\"elementor-widget-wrap elementor-element-populated\">\n\t\t\t\t\t\t<div class=\"elementor-element elementor-element-84ac499 elementor-widget elementor-widget-global elementor-global-142 elementor-widget-heading\" data-id=\"84ac499\" data-element_type=\"widget\" data-e-type=\"widget\" data-widget_type=\"heading.default\">\n\t\t\t\t<div class=\"elementor-widget-container\">\n\t\t\t\t\t<p class=\"elementor-heading-title elementor-size-default\">\u00a9 2024 artemisaloba - All Rights Reserved.<\/p>\t\t\t\t<\/div>\n\t\t\t\t<\/div>\n\t\t\t\t<div class=\"elementor-element elementor-element-e109222 e-grid-align-mobile-center elementor-shape-rounded elementor-grid-0 e-grid-align-center elementor-widget elementor-widget-global elementor-global-139 elementor-widget-social-icons\" data-id=\"e109222\" data-element_type=\"widget\" data-e-type=\"widget\" data-widget_type=\"social-icons.default\">\n\t\t\t\t<div class=\"elementor-widget-container\">\n\t\t\t\t\t\t\t<div class=\"elementor-social-icons-wrapper elementor-grid\">\n\t\t\t\t\t\t\t<span class=\"elementor-grid-item\">\n\t\t\t\t\t<a class=\"elementor-icon elementor-social-icon elementor-social-icon-instagram elementor-animation-float elementor-repeater-item-69d996f\" href=\"https:\/\/www.instagram.com\/artemisaloba\/\" target=\"_blank\">\n\t\t\t\t\t\t<span class=\"elementor-screen-only\">Instagram<\/span>\n\t\t\t\t\t\t<i aria-hidden=\"true\" class=\"fab fa-instagram\"><\/i>\t\t\t\t\t<\/a>\n\t\t\t\t<\/span>\n\t\t\t\t\t<\/div>\n\t\t\t\t\t\t<\/div>\n\t\t\t\t<\/div>\n\t\t\t\t\t<\/div>\n\t\t<\/div>\n\t\t\t\t\t<\/div>\n\t\t<\/footer>\n\t\t\t\t<\/div>\n\t\t","protected":false},"excerpt":{"rendered":"<p>Instagram sobre mi&#8230; Perm\u00edteme contarte que me ha tra\u00eddo hasta aqu\u00ed. De diciembre del 2002 a marzo de 2006 estaba estudiando ballet en el instituto del teatro de Barcelona y sufr\u00eda bullying por parte de mis compa\u00f1eras de clase. No me invitaban a las salidas que hac\u00edan por que una de ellas dec\u00eda que era &hellip; <\/p>\n<p class=\"link-more\"><a href=\"https:\/\/artemisaloba.com\/index.php\/sobre-mi\/\" class=\"more-link\">Continuar leyendo<span class=\"screen-reader-text\"> \u00abSobre mi\u00bb<\/span><\/a><\/p>\n","protected":false},"author":1,"featured_media":0,"parent":0,"menu_order":0,"comment_status":"closed","ping_status":"closed","template":"elementor_canvas","meta":{"iawp_total_views":80,"footnotes":""},"class_list":["post-167","page","type-page","status-publish","hentry"],"_links":{"self":[{"href":"https:\/\/artemisaloba.com\/index.php\/wp-json\/wp\/v2\/pages\/167","targetHints":{"allow":["GET"]}}],"collection":[{"href":"https:\/\/artemisaloba.com\/index.php\/wp-json\/wp\/v2\/pages"}],"about":[{"href":"https:\/\/artemisaloba.com\/index.php\/wp-json\/wp\/v2\/types\/page"}],"author":[{"embeddable":true,"href":"https:\/\/artemisaloba.com\/index.php\/wp-json\/wp\/v2\/users\/1"}],"replies":[{"embeddable":true,"href":"https:\/\/artemisaloba.com\/index.php\/wp-json\/wp\/v2\/comments?post=167"}],"version-history":[{"count":20,"href":"https:\/\/artemisaloba.com\/index.php\/wp-json\/wp\/v2\/pages\/167\/revisions"}],"predecessor-version":[{"id":443,"href":"https:\/\/artemisaloba.com\/index.php\/wp-json\/wp\/v2\/pages\/167\/revisions\/443"}],"wp:attachment":[{"href":"https:\/\/artemisaloba.com\/index.php\/wp-json\/wp\/v2\/media?parent=167"}],"curies":[{"name":"wp","href":"https:\/\/api.w.org\/{rel}","templated":true}]}}