{"id":12,"date":"2024-07-17T14:39:14","date_gmt":"2024-07-17T14:39:14","guid":{"rendered":"https:\/\/artemisaloba.com\/?page_id=12"},"modified":"2025-06-11T07:58:16","modified_gmt":"2025-06-11T07:58:16","slug":"inicio","status":"publish","type":"page","link":"https:\/\/artemisaloba.com\/","title":{"rendered":"Inicio"},"content":{"rendered":"\t\t<div data-elementor-type=\"wp-page\" data-elementor-id=\"12\" class=\"elementor elementor-12\" data-elementor-post-type=\"page\">\n\t\t\t\t\t\t<section class=\"elementor-section elementor-top-section elementor-element elementor-element-0e1a33b elementor-section-boxed elementor-section-height-default elementor-section-height-default\" data-id=\"0e1a33b\" data-element_type=\"section\" data-e-type=\"section\" data-settings=\"{&quot;background_background&quot;:&quot;classic&quot;}\">\n\t\t\t\t\t\t<div class=\"elementor-container elementor-column-gap-default\">\n\t\t\t\t\t<div class=\"elementor-column elementor-col-25 elementor-top-column elementor-element elementor-element-beced38\" data-id=\"beced38\" data-element_type=\"column\" data-e-type=\"column\">\n\t\t\t<div class=\"elementor-widget-wrap elementor-element-populated\">\n\t\t\t\t\t\t<div class=\"elementor-element elementor-element-6f840df elementor-widget elementor-widget-global elementor-global-121 elementor-widget-image\" data-id=\"6f840df\" data-element_type=\"widget\" data-e-type=\"widget\" data-widget_type=\"image.default\">\n\t\t\t\t<div class=\"elementor-widget-container\">\n\t\t\t\t\t\t\t\t\t\t\t\t\t\t\t<img decoding=\"async\" src=\"https:\/\/artemisaloba.com\/wp-content\/uploads\/elementor\/thumbs\/loba-qsak6nguszbrlr9hrzy2eken8a0wr3j64z03hx8w5u.png\" title=\"loba\" alt=\"loba\" loading=\"lazy\" \/>\t\t\t\t\t\t\t\t\t\t\t\t\t\t\t<\/div>\n\t\t\t\t<\/div>\n\t\t\t\t\t<\/div>\n\t\t<\/div>\n\t\t\t\t<div class=\"elementor-column elementor-col-25 elementor-top-column elementor-element elementor-element-d599434\" data-id=\"d599434\" data-element_type=\"column\" data-e-type=\"column\">\n\t\t\t<div class=\"elementor-widget-wrap elementor-element-populated\">\n\t\t\t\t\t\t<div class=\"elementor-element elementor-element-b75d947 elementor-widget__width-initial elementor-widget elementor-widget-global elementor-global-124 elementor-widget-image\" data-id=\"b75d947\" data-element_type=\"widget\" data-e-type=\"widget\" data-widget_type=\"image.default\">\n\t\t\t\t<div class=\"elementor-widget-container\">\n\t\t\t\t\t\t\t\t\t\t\t\t\t\t\t<img decoding=\"async\" width=\"300\" height=\"90\" src=\"https:\/\/artemisaloba.com\/wp-content\/uploads\/2024\/08\/Diseno-sin-titulo-28-300x90.png\" class=\"attachment-medium size-medium wp-image-81\" alt=\"\" srcset=\"https:\/\/artemisaloba.com\/wp-content\/uploads\/2024\/08\/Diseno-sin-titulo-28-300x90.png 300w, https:\/\/artemisaloba.com\/wp-content\/uploads\/2024\/08\/Diseno-sin-titulo-28.png 500w\" sizes=\"100vw\" \/>\t\t\t\t\t\t\t\t\t\t\t\t\t\t\t<\/div>\n\t\t\t\t<\/div>\n\t\t\t\t\t<\/div>\n\t\t<\/div>\n\t\t\t\t<div class=\"elementor-column elementor-col-25 elementor-top-column elementor-element elementor-element-36e7fc7\" data-id=\"36e7fc7\" data-element_type=\"column\" data-e-type=\"column\">\n\t\t\t<div class=\"elementor-widget-wrap elementor-element-populated\">\n\t\t\t\t\t\t<div class=\"elementor-element elementor-element-8606286 elementor-nav-menu__align-center elementor-nav-menu--dropdown-tablet elementor-nav-menu__text-align-aside elementor-nav-menu--toggle elementor-nav-menu--burger elementor-widget elementor-widget-global elementor-global-127 elementor-widget-nav-menu\" data-id=\"8606286\" data-element_type=\"widget\" data-e-type=\"widget\" data-settings=\"{&quot;layout&quot;:&quot;horizontal&quot;,&quot;submenu_icon&quot;:{&quot;value&quot;:&quot;fas fa-caret-down&quot;,&quot;library&quot;:&quot;fa-solid&quot;},&quot;toggle&quot;:&quot;burger&quot;}\" data-widget_type=\"nav-menu.default\">\n\t\t\t\t<div class=\"elementor-widget-container\">\n\t\t\t\t\t\t\t\t<nav aria-label=\"Men\u00fa\" class=\"elementor-nav-menu--main elementor-nav-menu__container elementor-nav-menu--layout-horizontal e--pointer-none\">\n\t\t\t\t<ul id=\"menu-1-8606286\" class=\"elementor-nav-menu\"><li class=\"menu-item menu-item-type-post_type menu-item-object-page menu-item-home menu-item-216\"><a href=\"https:\/\/artemisaloba.com\/\" class=\"elementor-item\">Inicio<\/a><\/li>\n<li class=\"menu-item menu-item-type-post_type menu-item-object-page menu-item-215\"><a href=\"https:\/\/artemisaloba.com\/index.php\/sobre-mi\/\" class=\"elementor-item\">Sobre mi<\/a><\/li>\n<li class=\"menu-item menu-item-type-post_type menu-item-object-page menu-item-has-children menu-item-213\"><a href=\"https:\/\/artemisaloba.com\/index.php\/programas-de-fotografia\/\" class=\"elementor-item\">Programas<\/a>\n<ul class=\"sub-menu elementor-nav-menu--dropdown\">\n\t<li class=\"menu-item menu-item-type-custom menu-item-object-custom menu-item-1075\"><a href=\"https:\/\/artemisaloba.com\/index.php\/programas-de-acompanamientos\/\" class=\"elementor-sub-item\">Programas de acompa\u00f1amientos<\/a><\/li>\n\t<li class=\"menu-item menu-item-type-custom menu-item-object-custom menu-item-1076\"><a href=\"https:\/\/artemisaloba.com\/index.php\/programas-de-fotografia\/\" class=\"elementor-sub-item\">Programas de fotograf\u00eda<\/a><\/li>\n<\/ul>\n<\/li>\n<li class=\"menu-item menu-item-type-post_type menu-item-object-page menu-item-526\"><a href=\"https:\/\/artemisaloba.com\/index.php\/sesiones-individuales\/\" class=\"elementor-item\">Sesiones individuales<\/a><\/li>\n<li class=\"menu-item menu-item-type-post_type menu-item-object-page menu-item-214\"><a href=\"https:\/\/artemisaloba.com\/index.php\/contacto\/\" class=\"elementor-item\">Contacto<\/a><\/li>\n<\/ul>\t\t\t<\/nav>\n\t\t\t\t\t<div class=\"elementor-menu-toggle\" role=\"button\" tabindex=\"0\" aria-label=\"Alternar men\u00fa\" aria-expanded=\"false\">\n\t\t\t<i aria-hidden=\"true\" role=\"presentation\" class=\"elementor-menu-toggle__icon--open eicon-menu-bar\"><\/i><i aria-hidden=\"true\" role=\"presentation\" class=\"elementor-menu-toggle__icon--close eicon-close\"><\/i>\t\t\t<span class=\"elementor-screen-only\">Men\u00fa<\/span>\n\t\t<\/div>\n\t\t\t\t\t<nav class=\"elementor-nav-menu--dropdown elementor-nav-menu__container\" aria-hidden=\"true\">\n\t\t\t\t<ul id=\"menu-2-8606286\" class=\"elementor-nav-menu\"><li class=\"menu-item menu-item-type-post_type menu-item-object-page menu-item-home menu-item-216\"><a href=\"https:\/\/artemisaloba.com\/\" class=\"elementor-item\" tabindex=\"-1\">Inicio<\/a><\/li>\n<li class=\"menu-item menu-item-type-post_type menu-item-object-page menu-item-215\"><a href=\"https:\/\/artemisaloba.com\/index.php\/sobre-mi\/\" class=\"elementor-item\" tabindex=\"-1\">Sobre mi<\/a><\/li>\n<li class=\"menu-item menu-item-type-post_type menu-item-object-page menu-item-has-children menu-item-213\"><a href=\"https:\/\/artemisaloba.com\/index.php\/programas-de-fotografia\/\" class=\"elementor-item\" tabindex=\"-1\">Programas<\/a>\n<ul class=\"sub-menu elementor-nav-menu--dropdown\">\n\t<li class=\"menu-item menu-item-type-custom menu-item-object-custom menu-item-1075\"><a href=\"https:\/\/artemisaloba.com\/index.php\/programas-de-acompanamientos\/\" class=\"elementor-sub-item\" tabindex=\"-1\">Programas de acompa\u00f1amientos<\/a><\/li>\n\t<li class=\"menu-item menu-item-type-custom menu-item-object-custom menu-item-1076\"><a href=\"https:\/\/artemisaloba.com\/index.php\/programas-de-fotografia\/\" class=\"elementor-sub-item\" tabindex=\"-1\">Programas de fotograf\u00eda<\/a><\/li>\n<\/ul>\n<\/li>\n<li class=\"menu-item menu-item-type-post_type menu-item-object-page menu-item-526\"><a href=\"https:\/\/artemisaloba.com\/index.php\/sesiones-individuales\/\" class=\"elementor-item\" tabindex=\"-1\">Sesiones individuales<\/a><\/li>\n<li class=\"menu-item menu-item-type-post_type menu-item-object-page menu-item-214\"><a href=\"https:\/\/artemisaloba.com\/index.php\/contacto\/\" class=\"elementor-item\" tabindex=\"-1\">Contacto<\/a><\/li>\n<\/ul>\t\t\t<\/nav>\n\t\t\t\t\t\t<\/div>\n\t\t\t\t<\/div>\n\t\t\t\t\t<\/div>\n\t\t<\/div>\n\t\t\t\t<div class=\"elementor-column elementor-col-25 elementor-top-column elementor-element elementor-element-57ad6fd\" data-id=\"57ad6fd\" data-element_type=\"column\" data-e-type=\"column\">\n\t\t\t<div class=\"elementor-widget-wrap elementor-element-populated\">\n\t\t\t\t\t\t<div class=\"elementor-element elementor-element-06a35e2 e-grid-align-mobile-center e-grid-align-right elementor-shape-rounded elementor-grid-0 elementor-widget elementor-widget-global elementor-global-130 elementor-widget-social-icons\" data-id=\"06a35e2\" data-element_type=\"widget\" data-e-type=\"widget\" data-widget_type=\"social-icons.default\">\n\t\t\t\t<div class=\"elementor-widget-container\">\n\t\t\t\t\t\t\t<div class=\"elementor-social-icons-wrapper elementor-grid\">\n\t\t\t\t\t\t\t<span class=\"elementor-grid-item\">\n\t\t\t\t\t<a class=\"elementor-icon elementor-social-icon elementor-social-icon-instagram elementor-animation-float elementor-repeater-item-69d996f\" href=\"https:\/\/www.instagram.com\/artemisaloba\/\" target=\"_blank\">\n\t\t\t\t\t\t<span class=\"elementor-screen-only\">Instagram<\/span>\n\t\t\t\t\t\t<i aria-hidden=\"true\" class=\"fab fa-instagram\"><\/i>\t\t\t\t\t<\/a>\n\t\t\t\t<\/span>\n\t\t\t\t\t<\/div>\n\t\t\t\t\t\t<\/div>\n\t\t\t\t<\/div>\n\t\t\t\t\t<\/div>\n\t\t<\/div>\n\t\t\t\t\t<\/div>\n\t\t<\/section>\n\t\t\t\t<section class=\"elementor-section elementor-top-section elementor-element elementor-element-bc5d8fc elementor-section-full_width elementor-section-height-default elementor-section-height-default\" data-id=\"bc5d8fc\" data-element_type=\"section\" data-e-type=\"section\" data-settings=\"{&quot;background_background&quot;:&quot;classic&quot;}\">\n\t\t\t\t\t\t<div class=\"elementor-container elementor-column-gap-no\">\n\t\t\t\t\t<div class=\"elementor-column elementor-col-100 elementor-top-column elementor-element elementor-element-b4a6b58\" data-id=\"b4a6b58\" data-element_type=\"column\" data-e-type=\"column\">\n\t\t\t<div class=\"elementor-widget-wrap elementor-element-populated\">\n\t\t\t\t\t\t<div class=\"elementor-element elementor-element-fef036f elementor--h-position-center elementor--v-position-middle elementor-arrows-position-inside elementor-pagination-position-inside elementor-widget elementor-widget-slides\" data-id=\"fef036f\" data-element_type=\"widget\" data-e-type=\"widget\" data-settings=\"{&quot;autoplay_speed&quot;:4000,&quot;transition_speed&quot;:600,&quot;navigation&quot;:&quot;both&quot;,&quot;autoplay&quot;:&quot;yes&quot;,&quot;pause_on_hover&quot;:&quot;yes&quot;,&quot;pause_on_interaction&quot;:&quot;yes&quot;,&quot;infinite&quot;:&quot;yes&quot;,&quot;transition&quot;:&quot;slide&quot;}\" data-widget_type=\"slides.default\">\n\t\t\t\t<div class=\"elementor-widget-container\">\n\t\t\t\t\t\t\t<div class=\"elementor-swiper\">\n\t\t\t<div class=\"elementor-slides-wrapper elementor-main-swiper swiper-container\" dir=\"ltr\" data-animation=\"fadeInUp\">\n\t\t\t\t<div class=\"swiper-wrapper elementor-slides\">\n\t\t\t\t\t\t\t\t\t\t<div class=\"elementor-repeater-item-b0e596f swiper-slide\"><div class=\"swiper-slide-bg\" role=\"img\"><\/div><div class=\"swiper-slide-inner\" ><div class=\"swiper-slide-contents\"><\/div><\/div><\/div>\t\t\t\t<\/div>\n\t\t\t\t\t\t\t<\/div>\n\t\t<\/div>\n\t\t\t\t\t\t<\/div>\n\t\t\t\t<\/div>\n\t\t\t\t\t<\/div>\n\t\t<\/div>\n\t\t\t\t\t<\/div>\n\t\t<\/section>\n\t\t\t\t<section class=\"elementor-section elementor-top-section elementor-element elementor-element-01cf6ad elementor-section-boxed elementor-section-height-default elementor-section-height-default\" data-id=\"01cf6ad\" data-element_type=\"section\" data-e-type=\"section\" data-settings=\"{&quot;background_background&quot;:&quot;classic&quot;}\">\n\t\t\t\t\t\t<div class=\"elementor-container elementor-column-gap-default\">\n\t\t\t\t\t<div class=\"elementor-column elementor-col-100 elementor-top-column elementor-element elementor-element-7e61c08\" data-id=\"7e61c08\" data-element_type=\"column\" data-e-type=\"column\">\n\t\t\t<div class=\"elementor-widget-wrap elementor-element-populated\">\n\t\t\t\t\t\t<div class=\"elementor-element elementor-element-69776ec elementor-widget elementor-widget-text-editor\" data-id=\"69776ec\" data-element_type=\"widget\" data-e-type=\"widget\" data-widget_type=\"text-editor.default\">\n\t\t\t\t<div class=\"elementor-widget-container\">\n\t\t\t\t\t\t\t\t\t<p class=\"p1\">Acompa\u00f1o a mujeres valientes a escuchar el aliento de su alma salvaje.<\/p>\t\t\t\t\t\t\t\t<\/div>\n\t\t\t\t<\/div>\n\t\t\t\t<div class=\"elementor-element elementor-element-2284ebf elementor-widget elementor-widget-image\" data-id=\"2284ebf\" data-element_type=\"widget\" data-e-type=\"widget\" data-widget_type=\"image.default\">\n\t\t\t\t<div class=\"elementor-widget-container\">\n\t\t\t\t\t\t\t\t\t\t\t\t\t\t\t<img decoding=\"async\" src=\"https:\/\/artemisaloba.com\/wp-content\/uploads\/elementor\/thumbs\/lunas-qryabw8vc6nhptnogq6z3trpy3fx86qqkog5ny3g8k.png\" title=\"lunas\" alt=\"lunas\" loading=\"lazy\" \/>\t\t\t\t\t\t\t\t\t\t\t\t\t\t\t<\/div>\n\t\t\t\t<\/div>\n\t\t\t\t\t<\/div>\n\t\t<\/div>\n\t\t\t\t\t<\/div>\n\t\t<\/section>\n\t\t\t\t<section class=\"elementor-section elementor-top-section elementor-element elementor-element-85ba1a3 elementor-section-boxed elementor-section-height-default elementor-section-height-default\" data-id=\"85ba1a3\" data-element_type=\"section\" data-e-type=\"section\" data-settings=\"{&quot;background_background&quot;:&quot;classic&quot;}\">\n\t\t\t\t\t\t<div class=\"elementor-container elementor-column-gap-default\">\n\t\t\t\t\t<div class=\"elementor-column elementor-col-100 elementor-top-column elementor-element elementor-element-4b075fc\" data-id=\"4b075fc\" data-element_type=\"column\" data-e-type=\"column\">\n\t\t\t<div class=\"elementor-widget-wrap elementor-element-populated\">\n\t\t\t\t\t\t<div class=\"elementor-element elementor-element-2eaa177 elementor-widget elementor-widget-text-editor\" data-id=\"2eaa177\" data-element_type=\"widget\" data-e-type=\"widget\" data-widget_type=\"text-editor.default\">\n\t\t\t\t<div class=\"elementor-widget-container\">\n\t\t\t\t\t\t\t\t\t<p>universo artemisa&#8230;<\/p>\t\t\t\t\t\t\t\t<\/div>\n\t\t\t\t<\/div>\n\t\t\t\t<div class=\"elementor-element elementor-element-4eb42aa elementor-widget elementor-widget-text-editor\" data-id=\"4eb42aa\" data-element_type=\"widget\" data-e-type=\"widget\" data-widget_type=\"text-editor.default\">\n\t\t\t\t<div class=\"elementor-widget-container\">\n\t\t\t\t\t\t\t\t\t<p class=\"p1\">\u00a1Hola! Soy Irma, terapeuta especializada en movimiento corporal, yoga, pilates y meditaci\u00f3n para mujeres.<\/p><p class=\"p1\">Con una formaci\u00f3n integral\u00a0<span style=\"font-size: 1rem;\">en terapia Gestalt, danza contempor\u00e1nea, fotograf\u00eda, constelaciones familiares y muchas otras disciplinas, me dedico a acompa\u00f1ar a\u00a0<\/span><span style=\"font-size: 1rem;\">mujeres en sus procesos de autoconocimiento y desarrollo personal.<\/span><\/p><p class=\"p1\">El Universo Artemisa es un espacio consagrado para ti, dise\u00f1ado con amor y dedicaci\u00f3n para ayudarte a reconectar contigo misma\u00a0<span style=\"font-size: 1rem;\">y descubrir tu verdadero potencial. Aqu\u00ed encontrar\u00e1s una variedad de cursos, mentor\u00edas y retiros que combinan disciplinas\u00a0<\/span><span style=\"font-size: 1rem;\">terap\u00e9uticas y de movimiento, ofreci\u00e9ndote un viaje completo hacia tu bienestar integral.<\/span><\/p><p class=\"p1\"><strong>Nuestros Servicios:<\/strong><\/p><p class=\"p2\"><strong>Cursos<\/strong><\/p><p class=\"p1\">Mis cursos est\u00e1n pensados para mujeres que buscan profundizar en su autoconocimiento a trav\u00e9s del movimiento corporal, el yoga,\u00a0<span style=\"font-size: 1rem;\">el pilates, la fotograf\u00eda y la meditaci\u00f3n. Cada curso est\u00e1 cuidadosamente estructurado para guiarte en un viaje interno de\u00a0<\/span><span style=\"font-size: 1rem;\">transformaci\u00f3n personal.<\/span><\/p><p class=\"p2\"><strong>Mentor\u00edas Personalizadas<\/strong><\/p><p class=\"p1\">Ofrezco programas de mentor\u00eda personalizados, donde trabajar\u00e1s directamente conmigo para explorar tus desaf\u00edos y descubrir\u00a0<span style=\"font-size: 1rem;\">nuevas formas de vivir en armon\u00eda contigo misma. Las mentor\u00edas son un espacio de apoyo y gu\u00eda continua para tu desarrollo\u00a0<\/span><span style=\"font-size: 1rem;\">personal y emocional.<\/span><\/p><p class=\"p2\"><strong>Retiros Artemisa Body &amp; Soul<\/strong><\/p><p class=\"p1\">Los retiros Artemisa Body &amp; Soul son experiencias inmersivas dise\u00f1adas para desconectar del estr\u00e9s diario y reconectar con tu\u00a0<span style=\"font-size: 1rem;\">autenticidad. Durante estos retiros, combinamos pr\u00e1cticas de yoga, meditaci\u00f3n, danza y terapias grupales para ofrecerte una\u00a0<\/span><span style=\"font-size: 1rem;\">experiencia de renovaci\u00f3n total.<\/span><\/p><p class=\"p1\"><strong>Nuestra Filosof\u00eda<\/strong><\/p><p class=\"p1\">Creo que el movimiento es una herramienta poderosa para el autoconocimiento y la sanaci\u00f3n. A trav\u00e9s de la combinaci\u00f3n de\u00a0<span style=\"font-size: 1rem;\">disciplinas como la danza contempor\u00e1nea, el yoga, el pilates, la fotograf\u00eda y las constelaciones familiares, te ayudo a liberar\u00a0<\/span><span style=\"font-size: 1rem;\">tensiones, descubrir tu fuerza interior y vivir una vida m\u00e1s plena y consciente.<\/span><\/p><p class=\"p1\"><strong>\u00danete a Nuestra Comunidad<\/strong><\/p><p class=\"p1\">Te invito a explorar todo lo que el Universo Artemisa tiene para ti. Aqu\u00ed encontrar\u00e1s un espacio seguro y acogedor, donde podr\u00e1s\u00a0<span style=\"font-size: 1rem;\">crecer, sanar y transformarte junto a otras mujeres que comparten tu misma b\u00fasqueda.<\/span><\/p><p class=\"p1\"><strong>Descubre nuestros cursos, mentor\u00edas y retiros<\/strong> y da el primer paso hacia una vida m\u00e1s conectada y aut\u00e9ntica.<\/p><p class=\"p1\">\u00a1Bienvenida a tu nueva comunidad de apoyo y crecimiento!<\/p><p class=\"p1\">Con amor,<\/p><p class=\"p1\">Irma<\/p>\t\t\t\t\t\t\t\t<\/div>\n\t\t\t\t<\/div>\n\t\t\t\t\t<\/div>\n\t\t<\/div>\n\t\t\t\t\t<\/div>\n\t\t<\/section>\n\t\t\t\t<section class=\"elementor-section elementor-top-section elementor-element elementor-element-b8a9048 elementor-section-boxed elementor-section-height-default elementor-section-height-default\" data-id=\"b8a9048\" data-element_type=\"section\" data-e-type=\"section\" data-settings=\"{&quot;background_background&quot;:&quot;classic&quot;}\">\n\t\t\t\t\t\t<div class=\"elementor-container elementor-column-gap-default\">\n\t\t\t\t\t<div class=\"elementor-column elementor-col-100 elementor-top-column elementor-element elementor-element-d75448d\" data-id=\"d75448d\" data-element_type=\"column\" data-e-type=\"column\">\n\t\t\t<div class=\"elementor-widget-wrap elementor-element-populated\">\n\t\t\t\t\t\t<div class=\"elementor-element elementor-element-c988b37 elementor-widget elementor-widget-menu-anchor\" data-id=\"c988b37\" data-element_type=\"widget\" data-e-type=\"widget\" data-widget_type=\"menu-anchor.default\">\n\t\t\t\t<div class=\"elementor-widget-container\">\n\t\t\t\t\t\t\t<div class=\"elementor-menu-anchor\" id=\"news\"><\/div>\n\t\t\t\t\t\t<\/div>\n\t\t\t\t<\/div>\n\t\t\t\t<div class=\"elementor-element elementor-element-eb689b0 elementor-widget elementor-widget-text-editor\" data-id=\"eb689b0\" data-element_type=\"widget\" data-e-type=\"widget\" data-widget_type=\"text-editor.default\">\n\t\t\t\t<div class=\"elementor-widget-container\">\n\t\t\t\t\t\t\t\t\t<p class=\"p1\">Suscr\u00edbete a la newsletter m\u00e1s sincera que recibir\u00e1s nunca.<\/p>\t\t\t\t\t\t\t\t<\/div>\n\t\t\t\t<\/div>\n\t\t\t\t<div class=\"elementor-element elementor-element-5107b06 elementor-widget elementor-widget-html\" data-id=\"5107b06\" data-element_type=\"widget\" data-e-type=\"widget\" data-widget_type=\"html.default\">\n\t\t\t\t<div class=\"elementor-widget-container\">\n\t\t\t\t\t<iframe width=\"540\" height=\"505\" src=\"https:\/\/6dea0571.sibforms.com\/serve\/MUIFAIsPnbr-uk8NNHZm2VbD-I_8cqlrM9D8SuVq2GAqSkNSOHVRL8s9etn7fyOX8UWZk_r3grTOrOl4_6VvqVaKnnOds4_IQKxO0UzsDM6qGNeTNYxivuQsOh5xRXSYOdFMqj31e0wipcKOf8zHie7sBu1tQIqoE3Dr2_eUegxEWGVIsmaT9EJigj4PV_CJEUgO2H9kQNhdHZuj\" frameborder=\"0\" scrolling=\"auto\" allowfullscreen style=\"display: block;margin-left: auto;margin-right: auto;max-width: 100%;\"><\/iframe>\t\t\t\t<\/div>\n\t\t\t\t<\/div>\n\t\t\t\t\t<\/div>\n\t\t<\/div>\n\t\t\t\t\t<\/div>\n\t\t<\/section>\n\t\t\t\t<footer class=\"elementor-section elementor-top-section elementor-element elementor-element-45a6fd26 elementor-section-full_width elementor-section-height-default elementor-section-height-default\" data-id=\"45a6fd26\" data-element_type=\"section\" data-e-type=\"section\" data-settings=\"{&quot;background_background&quot;:&quot;classic&quot;}\">\n\t\t\t\t\t\t<div class=\"elementor-container elementor-column-gap-no\">\n\t\t\t\t\t<div class=\"elementor-column elementor-col-100 elementor-top-column elementor-element elementor-element-a3a5ffa\" data-id=\"a3a5ffa\" data-element_type=\"column\" data-e-type=\"column\">\n\t\t\t<div class=\"elementor-widget-wrap elementor-element-populated\">\n\t\t\t\t\t\t<div class=\"elementor-element elementor-element-84ac499 elementor-widget elementor-widget-global elementor-global-142 elementor-widget-heading\" data-id=\"84ac499\" data-element_type=\"widget\" data-e-type=\"widget\" data-widget_type=\"heading.default\">\n\t\t\t\t<div class=\"elementor-widget-container\">\n\t\t\t\t\t<p class=\"elementor-heading-title elementor-size-default\">\u00a9 2024 artemisaloba - All Rights Reserved.<\/p>\t\t\t\t<\/div>\n\t\t\t\t<\/div>\n\t\t\t\t<div class=\"elementor-element elementor-element-e109222 e-grid-align-mobile-center elementor-shape-rounded elementor-grid-0 e-grid-align-center elementor-widget elementor-widget-global elementor-global-139 elementor-widget-social-icons\" data-id=\"e109222\" data-element_type=\"widget\" data-e-type=\"widget\" data-widget_type=\"social-icons.default\">\n\t\t\t\t<div class=\"elementor-widget-container\">\n\t\t\t\t\t\t\t<div class=\"elementor-social-icons-wrapper elementor-grid\">\n\t\t\t\t\t\t\t<span class=\"elementor-grid-item\">\n\t\t\t\t\t<a class=\"elementor-icon elementor-social-icon elementor-social-icon-instagram elementor-animation-float elementor-repeater-item-69d996f\" href=\"https:\/\/www.instagram.com\/artemisaloba\/\" target=\"_blank\">\n\t\t\t\t\t\t<span class=\"elementor-screen-only\">Instagram<\/span>\n\t\t\t\t\t\t<i aria-hidden=\"true\" class=\"fab fa-instagram\"><\/i>\t\t\t\t\t<\/a>\n\t\t\t\t<\/span>\n\t\t\t\t\t<\/div>\n\t\t\t\t\t\t<\/div>\n\t\t\t\t<\/div>\n\t\t\t\t\t<\/div>\n\t\t<\/div>\n\t\t\t\t\t<\/div>\n\t\t<\/footer>\n\t\t\t\t<\/div>\n\t\t","protected":false},"excerpt":{"rendered":"<p>Instagram Acompa\u00f1o a mujeres valientes a escuchar el aliento de su alma salvaje. universo artemisa&#8230; \u00a1Hola! Soy Irma, terapeuta especializada en movimiento corporal, yoga, pilates y meditaci\u00f3n para mujeres. Con una formaci\u00f3n integral\u00a0en terapia Gestalt, danza contempor\u00e1nea, fotograf\u00eda, constelaciones familiares y muchas otras disciplinas, me dedico a acompa\u00f1ar a\u00a0mujeres en sus procesos de autoconocimiento y &hellip; <\/p>\n<p class=\"link-more\"><a href=\"https:\/\/artemisaloba.com\/\" class=\"more-link\">Continuar leyendo<span class=\"screen-reader-text\"> \u00abInicio\u00bb<\/span><\/a><\/p>\n","protected":false},"author":1,"featured_media":0,"parent":0,"menu_order":0,"comment_status":"closed","ping_status":"closed","template":"elementor_canvas","meta":{"iawp_total_views":338,"footnotes":""},"class_list":["post-12","page","type-page","status-publish","hentry"],"_links":{"self":[{"href":"https:\/\/artemisaloba.com\/index.php\/wp-json\/wp\/v2\/pages\/12","targetHints":{"allow":["GET"]}}],"collection":[{"href":"https:\/\/artemisaloba.com\/index.php\/wp-json\/wp\/v2\/pages"}],"about":[{"href":"https:\/\/artemisaloba.com\/index.php\/wp-json\/wp\/v2\/types\/page"}],"author":[{"embeddable":true,"href":"https:\/\/artemisaloba.com\/index.php\/wp-json\/wp\/v2\/users\/1"}],"replies":[{"embeddable":true,"href":"https:\/\/artemisaloba.com\/index.php\/wp-json\/wp\/v2\/comments?post=12"}],"version-history":[{"count":112,"href":"https:\/\/artemisaloba.com\/index.php\/wp-json\/wp\/v2\/pages\/12\/revisions"}],"predecessor-version":[{"id":1136,"href":"https:\/\/artemisaloba.com\/index.php\/wp-json\/wp\/v2\/pages\/12\/revisions\/1136"}],"wp:attachment":[{"href":"https:\/\/artemisaloba.com\/index.php\/wp-json\/wp\/v2\/media?parent=12"}],"curies":[{"name":"wp","href":"https:\/\/api.w.org\/{rel}","templated":true}]}}