{"id":1035,"date":"2024-12-03T11:19:51","date_gmt":"2024-12-03T11:19:51","guid":{"rendered":"https:\/\/artemisaloba.com\/?page_id=1035"},"modified":"2024-12-03T17:08:08","modified_gmt":"2024-12-03T17:08:08","slug":"lista-vip","status":"publish","type":"page","link":"https:\/\/artemisaloba.com\/index.php\/lista-vip\/","title":{"rendered":"lista vip"},"content":{"rendered":"\t\t<div data-elementor-type=\"wp-page\" data-elementor-id=\"1035\" class=\"elementor elementor-1035\" data-elementor-post-type=\"page\">\n\t\t\t\t\t\t<section class=\"elementor-section elementor-top-section elementor-element elementor-element-0e1a33b elementor-section-boxed elementor-section-height-default elementor-section-height-default\" data-id=\"0e1a33b\" data-element_type=\"section\" data-e-type=\"section\" data-settings=\"{&quot;background_background&quot;:&quot;classic&quot;}\">\n\t\t\t\t\t\t<div class=\"elementor-container elementor-column-gap-default\">\n\t\t\t\t\t<div class=\"elementor-column elementor-col-25 elementor-top-column elementor-element elementor-element-beced38\" data-id=\"beced38\" data-element_type=\"column\" data-e-type=\"column\">\n\t\t\t<div class=\"elementor-widget-wrap elementor-element-populated\">\n\t\t\t\t\t\t<div class=\"elementor-element elementor-element-6f840df elementor-widget elementor-widget-global elementor-global-121 elementor-widget-image\" data-id=\"6f840df\" data-element_type=\"widget\" data-e-type=\"widget\" data-widget_type=\"image.default\">\n\t\t\t\t<div class=\"elementor-widget-container\">\n\t\t\t\t\t\t\t\t\t\t\t\t\t\t\t<img decoding=\"async\" src=\"https:\/\/artemisaloba.com\/wp-content\/uploads\/elementor\/thumbs\/loba-qsak6nguszbrlr9hrzy2eken8a0wr3j64z03hx8w5u.png\" title=\"loba\" alt=\"loba\" loading=\"lazy\" \/>\t\t\t\t\t\t\t\t\t\t\t\t\t\t\t<\/div>\n\t\t\t\t<\/div>\n\t\t\t\t\t<\/div>\n\t\t<\/div>\n\t\t\t\t<div class=\"elementor-column elementor-col-25 elementor-top-column elementor-element elementor-element-d599434\" data-id=\"d599434\" data-element_type=\"column\" data-e-type=\"column\">\n\t\t\t<div class=\"elementor-widget-wrap elementor-element-populated\">\n\t\t\t\t\t\t<div class=\"elementor-element elementor-element-b75d947 elementor-widget__width-initial elementor-widget elementor-widget-global elementor-global-124 elementor-widget-image\" data-id=\"b75d947\" data-element_type=\"widget\" data-e-type=\"widget\" data-widget_type=\"image.default\">\n\t\t\t\t<div class=\"elementor-widget-container\">\n\t\t\t\t\t\t\t\t\t\t\t\t\t\t\t<img decoding=\"async\" width=\"300\" height=\"90\" src=\"https:\/\/artemisaloba.com\/wp-content\/uploads\/2024\/08\/Diseno-sin-titulo-28-300x90.png\" class=\"attachment-medium size-medium wp-image-81\" alt=\"\" srcset=\"https:\/\/artemisaloba.com\/wp-content\/uploads\/2024\/08\/Diseno-sin-titulo-28-300x90.png 300w, https:\/\/artemisaloba.com\/wp-content\/uploads\/2024\/08\/Diseno-sin-titulo-28.png 500w\" sizes=\"100vw\" \/>\t\t\t\t\t\t\t\t\t\t\t\t\t\t\t<\/div>\n\t\t\t\t<\/div>\n\t\t\t\t\t<\/div>\n\t\t<\/div>\n\t\t\t\t<div class=\"elementor-column elementor-col-25 elementor-top-column elementor-element elementor-element-36e7fc7\" data-id=\"36e7fc7\" data-element_type=\"column\" data-e-type=\"column\">\n\t\t\t<div class=\"elementor-widget-wrap elementor-element-populated\">\n\t\t\t\t\t\t<div class=\"elementor-element elementor-element-8606286 elementor-nav-menu__align-center elementor-nav-menu--dropdown-tablet elementor-nav-menu__text-align-aside elementor-nav-menu--toggle elementor-nav-menu--burger elementor-widget elementor-widget-global elementor-global-127 elementor-widget-nav-menu\" data-id=\"8606286\" data-element_type=\"widget\" data-e-type=\"widget\" data-settings=\"{&quot;layout&quot;:&quot;horizontal&quot;,&quot;submenu_icon&quot;:{&quot;value&quot;:&quot;fas fa-caret-down&quot;,&quot;library&quot;:&quot;fa-solid&quot;},&quot;toggle&quot;:&quot;burger&quot;}\" data-widget_type=\"nav-menu.default\">\n\t\t\t\t<div class=\"elementor-widget-container\">\n\t\t\t\t\t\t\t\t<nav aria-label=\"Men\u00fa\" class=\"elementor-nav-menu--main elementor-nav-menu__container elementor-nav-menu--layout-horizontal e--pointer-none\">\n\t\t\t\t<ul id=\"menu-1-8606286\" class=\"elementor-nav-menu\"><li class=\"menu-item menu-item-type-post_type menu-item-object-page menu-item-home menu-item-216\"><a href=\"https:\/\/artemisaloba.com\/\" class=\"elementor-item\">Inicio<\/a><\/li>\n<li class=\"menu-item menu-item-type-post_type menu-item-object-page menu-item-215\"><a href=\"https:\/\/artemisaloba.com\/index.php\/sobre-mi\/\" class=\"elementor-item\">Sobre mi<\/a><\/li>\n<li class=\"menu-item menu-item-type-post_type menu-item-object-page menu-item-has-children menu-item-213\"><a href=\"https:\/\/artemisaloba.com\/index.php\/programas-de-fotografia\/\" class=\"elementor-item\">Programas<\/a>\n<ul class=\"sub-menu elementor-nav-menu--dropdown\">\n\t<li class=\"menu-item menu-item-type-custom menu-item-object-custom menu-item-1075\"><a href=\"https:\/\/artemisaloba.com\/index.php\/programas-de-acompanamientos\/\" class=\"elementor-sub-item\">Programas de acompa\u00f1amientos<\/a><\/li>\n\t<li class=\"menu-item menu-item-type-custom menu-item-object-custom menu-item-1076\"><a href=\"https:\/\/artemisaloba.com\/index.php\/programas-de-fotografia\/\" class=\"elementor-sub-item\">Programas de fotograf\u00eda<\/a><\/li>\n<\/ul>\n<\/li>\n<li class=\"menu-item menu-item-type-post_type menu-item-object-page menu-item-526\"><a href=\"https:\/\/artemisaloba.com\/index.php\/sesiones-individuales\/\" class=\"elementor-item\">Sesiones individuales<\/a><\/li>\n<li class=\"menu-item menu-item-type-post_type menu-item-object-page menu-item-214\"><a href=\"https:\/\/artemisaloba.com\/index.php\/contacto\/\" class=\"elementor-item\">Contacto<\/a><\/li>\n<\/ul>\t\t\t<\/nav>\n\t\t\t\t\t<div class=\"elementor-menu-toggle\" role=\"button\" tabindex=\"0\" aria-label=\"Alternar men\u00fa\" aria-expanded=\"false\">\n\t\t\t<i aria-hidden=\"true\" role=\"presentation\" class=\"elementor-menu-toggle__icon--open eicon-menu-bar\"><\/i><i aria-hidden=\"true\" role=\"presentation\" class=\"elementor-menu-toggle__icon--close eicon-close\"><\/i>\t\t\t<span class=\"elementor-screen-only\">Men\u00fa<\/span>\n\t\t<\/div>\n\t\t\t\t\t<nav class=\"elementor-nav-menu--dropdown elementor-nav-menu__container\" aria-hidden=\"true\">\n\t\t\t\t<ul id=\"menu-2-8606286\" class=\"elementor-nav-menu\"><li class=\"menu-item menu-item-type-post_type menu-item-object-page menu-item-home menu-item-216\"><a href=\"https:\/\/artemisaloba.com\/\" class=\"elementor-item\" tabindex=\"-1\">Inicio<\/a><\/li>\n<li class=\"menu-item menu-item-type-post_type menu-item-object-page menu-item-215\"><a href=\"https:\/\/artemisaloba.com\/index.php\/sobre-mi\/\" class=\"elementor-item\" tabindex=\"-1\">Sobre mi<\/a><\/li>\n<li class=\"menu-item menu-item-type-post_type menu-item-object-page menu-item-has-children menu-item-213\"><a href=\"https:\/\/artemisaloba.com\/index.php\/programas-de-fotografia\/\" class=\"elementor-item\" tabindex=\"-1\">Programas<\/a>\n<ul class=\"sub-menu elementor-nav-menu--dropdown\">\n\t<li class=\"menu-item menu-item-type-custom menu-item-object-custom menu-item-1075\"><a href=\"https:\/\/artemisaloba.com\/index.php\/programas-de-acompanamientos\/\" class=\"elementor-sub-item\" tabindex=\"-1\">Programas de acompa\u00f1amientos<\/a><\/li>\n\t<li class=\"menu-item menu-item-type-custom menu-item-object-custom menu-item-1076\"><a href=\"https:\/\/artemisaloba.com\/index.php\/programas-de-fotografia\/\" class=\"elementor-sub-item\" tabindex=\"-1\">Programas de fotograf\u00eda<\/a><\/li>\n<\/ul>\n<\/li>\n<li class=\"menu-item menu-item-type-post_type menu-item-object-page menu-item-526\"><a href=\"https:\/\/artemisaloba.com\/index.php\/sesiones-individuales\/\" class=\"elementor-item\" tabindex=\"-1\">Sesiones individuales<\/a><\/li>\n<li class=\"menu-item menu-item-type-post_type menu-item-object-page menu-item-214\"><a href=\"https:\/\/artemisaloba.com\/index.php\/contacto\/\" class=\"elementor-item\" tabindex=\"-1\">Contacto<\/a><\/li>\n<\/ul>\t\t\t<\/nav>\n\t\t\t\t\t\t<\/div>\n\t\t\t\t<\/div>\n\t\t\t\t\t<\/div>\n\t\t<\/div>\n\t\t\t\t<div class=\"elementor-column elementor-col-25 elementor-top-column elementor-element elementor-element-57ad6fd\" data-id=\"57ad6fd\" data-element_type=\"column\" data-e-type=\"column\">\n\t\t\t<div class=\"elementor-widget-wrap elementor-element-populated\">\n\t\t\t\t\t\t<div class=\"elementor-element elementor-element-06a35e2 e-grid-align-mobile-center e-grid-align-right elementor-shape-rounded elementor-grid-0 elementor-widget elementor-widget-global elementor-global-130 elementor-widget-social-icons\" data-id=\"06a35e2\" data-element_type=\"widget\" data-e-type=\"widget\" data-widget_type=\"social-icons.default\">\n\t\t\t\t<div class=\"elementor-widget-container\">\n\t\t\t\t\t\t\t<div class=\"elementor-social-icons-wrapper elementor-grid\">\n\t\t\t\t\t\t\t<span class=\"elementor-grid-item\">\n\t\t\t\t\t<a class=\"elementor-icon elementor-social-icon elementor-social-icon-instagram elementor-animation-float elementor-repeater-item-69d996f\" href=\"https:\/\/www.instagram.com\/artemisaloba\/\" target=\"_blank\">\n\t\t\t\t\t\t<span class=\"elementor-screen-only\">Instagram<\/span>\n\t\t\t\t\t\t<i aria-hidden=\"true\" class=\"fab fa-instagram\"><\/i>\t\t\t\t\t<\/a>\n\t\t\t\t<\/span>\n\t\t\t\t\t<\/div>\n\t\t\t\t\t\t<\/div>\n\t\t\t\t<\/div>\n\t\t\t\t\t<\/div>\n\t\t<\/div>\n\t\t\t\t\t<\/div>\n\t\t<\/section>\n\t\t\t\t<section class=\"elementor-section elementor-top-section elementor-element elementor-element-01cf6ad elementor-section-boxed elementor-section-height-default elementor-section-height-default\" data-id=\"01cf6ad\" data-element_type=\"section\" data-e-type=\"section\" data-settings=\"{&quot;background_background&quot;:&quot;classic&quot;}\">\n\t\t\t\t\t\t<div class=\"elementor-container elementor-column-gap-default\">\n\t\t\t\t\t<div class=\"elementor-column elementor-col-100 elementor-top-column elementor-element elementor-element-7e61c08\" data-id=\"7e61c08\" data-element_type=\"column\" data-e-type=\"column\">\n\t\t\t<div class=\"elementor-widget-wrap elementor-element-populated\">\n\t\t\t\t\t\t<div class=\"elementor-element elementor-element-2284ebf elementor-widget elementor-widget-image\" data-id=\"2284ebf\" data-element_type=\"widget\" data-e-type=\"widget\" data-widget_type=\"image.default\">\n\t\t\t\t<div class=\"elementor-widget-container\">\n\t\t\t\t\t\t\t\t\t\t\t\t\t\t\t<img decoding=\"async\" width=\"150\" height=\"150\" src=\"https:\/\/artemisaloba.com\/wp-content\/uploads\/2024\/08\/lunas-150x150.png\" class=\"attachment-thumbnail size-thumbnail wp-image-88\" alt=\"\" srcset=\"https:\/\/artemisaloba.com\/wp-content\/uploads\/2024\/08\/lunas-150x150.png 150w, https:\/\/artemisaloba.com\/wp-content\/uploads\/2024\/08\/lunas-300x300.png 300w, https:\/\/artemisaloba.com\/wp-content\/uploads\/2024\/08\/lunas-1024x1024.png 1024w, https:\/\/artemisaloba.com\/wp-content\/uploads\/2024\/08\/lunas-768x768.png 768w, https:\/\/artemisaloba.com\/wp-content\/uploads\/2024\/08\/lunas-1536x1536.png 1536w, https:\/\/artemisaloba.com\/wp-content\/uploads\/2024\/08\/lunas-100x100.png 100w, https:\/\/artemisaloba.com\/wp-content\/uploads\/2024\/08\/lunas.png 1855w\" sizes=\"100vw\" \/>\t\t\t\t\t\t\t\t\t\t\t\t\t\t\t<\/div>\n\t\t\t\t<\/div>\n\t\t\t\t\t<\/div>\n\t\t<\/div>\n\t\t\t\t\t<\/div>\n\t\t<\/section>\n\t\t\t\t<section class=\"elementor-section elementor-top-section elementor-element elementor-element-85ba1a3 elementor-section-boxed elementor-section-height-default elementor-section-height-default\" data-id=\"85ba1a3\" data-element_type=\"section\" data-e-type=\"section\" data-settings=\"{&quot;background_background&quot;:&quot;classic&quot;}\">\n\t\t\t\t\t\t<div class=\"elementor-container elementor-column-gap-default\">\n\t\t\t\t\t<div class=\"elementor-column elementor-col-100 elementor-top-column elementor-element elementor-element-4b075fc\" data-id=\"4b075fc\" data-element_type=\"column\" data-e-type=\"column\">\n\t\t\t<div class=\"elementor-widget-wrap elementor-element-populated\">\n\t\t\t\t\t\t<div class=\"elementor-element elementor-element-69776ec elementor-widget elementor-widget-text-editor\" data-id=\"69776ec\" data-element_type=\"widget\" data-e-type=\"widget\" data-widget_type=\"text-editor.default\">\n\t\t\t\t<div class=\"elementor-widget-container\">\n\t\t\t\t\t\t\t\t\t<p>Lista VIP retiro body &amp; soul<\/p>\t\t\t\t\t\t\t\t<\/div>\n\t\t\t\t<\/div>\n\t\t\t\t<div class=\"elementor-element elementor-element-de6be36 elementor-widget elementor-widget-text-editor\" data-id=\"de6be36\" data-element_type=\"widget\" data-e-type=\"widget\" data-widget_type=\"text-editor.default\">\n\t\t\t\t<div class=\"elementor-widget-container\">\n\t\t\t\t\t\t\t\t\t<p>D\u00e9jame tu mejor direcci\u00f3n de e-mail y te informar\u00e9 de manera prioritaria cuando se abran plazas del pr\u00f3ximo retiro body &amp; soul.<\/p><p><br><\/p>\t\t\t\t\t\t\t\t<\/div>\n\t\t\t\t<\/div>\n\t\t\t\t<div class=\"elementor-element elementor-element-cf93e22 elementor-widget elementor-widget-html\" data-id=\"cf93e22\" data-element_type=\"widget\" data-e-type=\"widget\" data-widget_type=\"html.default\">\n\t\t\t\t<div class=\"elementor-widget-container\">\n\t\t\t\t\t<iframe width=\"540\" height=\"305\" src=\"https:\/\/6dea0571.sibforms.com\/serve\/MUIFAOgDD9ejiY_zVkjMRBYPkauGU8J7likkqyiqDblLUw2r4lDIuM6YlU-vOgl7uTF-YGCk00k805doc4orf7Vs2cSHbCmcokVgN8rbEsNtzcGigveY31GUeofsIAga2oWtyldWDnzFDY-g_qz_TlQGfgVcLAzZck-qWKRQmzNoE_bzmssMRsd__woiG0kmTg3nRgH3fb8EHLti\" frameborder=\"0\" scrolling=\"auto\" allowfullscreen style=\"display: block;margin-left: auto;margin-right: auto;max-width: 100%;\"><\/iframe>\t\t\t\t<\/div>\n\t\t\t\t<\/div>\n\t\t\t\t<div class=\"elementor-element elementor-element-4df3996 elementor-widget elementor-widget-image\" data-id=\"4df3996\" data-element_type=\"widget\" data-e-type=\"widget\" data-widget_type=\"image.default\">\n\t\t\t\t<div class=\"elementor-widget-container\">\n\t\t\t\t\t\t\t\t\t\t\t\t\t\t\t\t<a href=\"https:\/\/api.whatsapp.com\/send?phone=34+346705310%209\" target=\"_blank\">\n\t\t\t\t\t\t\t<img decoding=\"async\" src=\"https:\/\/artemisaloba.com\/wp-content\/uploads\/elementor\/thumbs\/whatsapp-icon-free-png-qxrmhv594p7iof01h2s438ew7jopsb4xhljxhrzhis.webp\" title=\"whatsapp-icon-free-png\" alt=\"whatsapp-icon-free-png\" loading=\"lazy\" \/>\t\t\t\t\t\t\t\t<\/a>\n\t\t\t\t\t\t\t\t\t\t\t\t\t\t\t<\/div>\n\t\t\t\t<\/div>\n\t\t\t\t\t<\/div>\n\t\t<\/div>\n\t\t\t\t\t<\/div>\n\t\t<\/section>\n\t\t\t\t<footer class=\"elementor-section elementor-top-section elementor-element elementor-element-45a6fd26 elementor-section-full_width elementor-section-height-default elementor-section-height-default\" data-id=\"45a6fd26\" data-element_type=\"section\" data-e-type=\"section\" data-settings=\"{&quot;background_background&quot;:&quot;classic&quot;}\">\n\t\t\t\t\t\t<div class=\"elementor-container elementor-column-gap-no\">\n\t\t\t\t\t<div class=\"elementor-column elementor-col-100 elementor-top-column elementor-element elementor-element-a3a5ffa\" data-id=\"a3a5ffa\" data-element_type=\"column\" data-e-type=\"column\">\n\t\t\t<div class=\"elementor-widget-wrap elementor-element-populated\">\n\t\t\t\t\t\t<div class=\"elementor-element elementor-element-84ac499 elementor-widget elementor-widget-global elementor-global-142 elementor-widget-heading\" data-id=\"84ac499\" data-element_type=\"widget\" data-e-type=\"widget\" data-widget_type=\"heading.default\">\n\t\t\t\t<div class=\"elementor-widget-container\">\n\t\t\t\t\t<p class=\"elementor-heading-title elementor-size-default\">\u00a9 2024 artemisaloba - All Rights Reserved.<\/p>\t\t\t\t<\/div>\n\t\t\t\t<\/div>\n\t\t\t\t<div class=\"elementor-element elementor-element-e109222 e-grid-align-mobile-center elementor-shape-rounded elementor-grid-0 e-grid-align-center elementor-widget elementor-widget-global elementor-global-139 elementor-widget-social-icons\" data-id=\"e109222\" data-element_type=\"widget\" data-e-type=\"widget\" data-widget_type=\"social-icons.default\">\n\t\t\t\t<div class=\"elementor-widget-container\">\n\t\t\t\t\t\t\t<div class=\"elementor-social-icons-wrapper elementor-grid\">\n\t\t\t\t\t\t\t<span class=\"elementor-grid-item\">\n\t\t\t\t\t<a class=\"elementor-icon elementor-social-icon elementor-social-icon-instagram elementor-animation-float elementor-repeater-item-69d996f\" href=\"https:\/\/www.instagram.com\/artemisaloba\/\" target=\"_blank\">\n\t\t\t\t\t\t<span class=\"elementor-screen-only\">Instagram<\/span>\n\t\t\t\t\t\t<i aria-hidden=\"true\" class=\"fab fa-instagram\"><\/i>\t\t\t\t\t<\/a>\n\t\t\t\t<\/span>\n\t\t\t\t\t<\/div>\n\t\t\t\t\t\t<\/div>\n\t\t\t\t<\/div>\n\t\t\t\t\t<\/div>\n\t\t<\/div>\n\t\t\t\t\t<\/div>\n\t\t<\/footer>\n\t\t\t\t<\/div>\n\t\t","protected":false},"excerpt":{"rendered":"<p>Instagram Lista VIP retiro body &amp; soul D\u00e9jame tu mejor direcci\u00f3n de e-mail y te informar\u00e9 de manera prioritaria cuando se abran plazas del pr\u00f3ximo retiro body &amp; soul. \u00a9 2024 artemisaloba &#8211; All Rights Reserved. Instagram<\/p>\n","protected":false},"author":1,"featured_media":0,"parent":0,"menu_order":0,"comment_status":"closed","ping_status":"closed","template":"elementor_canvas","meta":{"iawp_total_views":5,"footnotes":""},"class_list":["post-1035","page","type-page","status-publish","hentry"],"_links":{"self":[{"href":"https:\/\/artemisaloba.com\/index.php\/wp-json\/wp\/v2\/pages\/1035","targetHints":{"allow":["GET"]}}],"collection":[{"href":"https:\/\/artemisaloba.com\/index.php\/wp-json\/wp\/v2\/pages"}],"about":[{"href":"https:\/\/artemisaloba.com\/index.php\/wp-json\/wp\/v2\/types\/page"}],"author":[{"embeddable":true,"href":"https:\/\/artemisaloba.com\/index.php\/wp-json\/wp\/v2\/users\/1"}],"replies":[{"embeddable":true,"href":"https:\/\/artemisaloba.com\/index.php\/wp-json\/wp\/v2\/comments?post=1035"}],"version-history":[{"count":4,"href":"https:\/\/artemisaloba.com\/index.php\/wp-json\/wp\/v2\/pages\/1035\/revisions"}],"predecessor-version":[{"id":1039,"href":"https:\/\/artemisaloba.com\/index.php\/wp-json\/wp\/v2\/pages\/1035\/revisions\/1039"}],"wp:attachment":[{"href":"https:\/\/artemisaloba.com\/index.php\/wp-json\/wp\/v2\/media?parent=1035"}],"curies":[{"name":"wp","href":"https:\/\/api.w.org\/{rel}","templated":true}]}}